{"id":580,"date":"2025-03-17T14:40:07","date_gmt":"2025-03-17T13:40:07","guid":{"rendered":"https:\/\/g-nettoyage-proprete.com\/?page_id=580"},"modified":"2025-03-17T14:43:55","modified_gmt":"2025-03-17T13:43:55","slug":"mentions-legales","status":"publish","type":"page","link":"https:\/\/g-nettoyage-proprete.com\/index.php\/mentions-legales\/","title":{"rendered":"Mentions l\u00e9gales"},"content":{"rendered":"\t\t<div data-elementor-type=\"wp-page\" data-elementor-id=\"580\" class=\"elementor elementor-580\">\n\t\t\t\t<div class=\"elementor-element elementor-element-311d554 e-flex e-con-boxed wpr-particle-no wpr-jarallax-no wpr-parallax-no wpr-sticky-section-no e-con e-parent\" data-id=\"311d554\" data-element_type=\"container\">\n\t\t\t\t\t<div class=\"e-con-inner\">\n\t\t\t\t<div class=\"elementor-element elementor-element-5ff156a elementor-widget elementor-widget-heading\" data-id=\"5ff156a\" data-element_type=\"widget\" data-widget_type=\"heading.default\">\n\t\t\t\t<div class=\"elementor-widget-container\">\n\t\t\t\t\t<h2 class=\"elementor-heading-title elementor-size-default\">Mentions l\u00e9gales <\/h2>\t\t\t\t<\/div>\n\t\t\t\t<\/div>\n\t\t\t\t\t<\/div>\n\t\t\t\t<\/div>\n\t\t<div class=\"elementor-element elementor-element-94b5f2a e-flex e-con-boxed wpr-particle-no wpr-jarallax-no wpr-parallax-no wpr-sticky-section-no e-con e-parent\" data-id=\"94b5f2a\" data-element_type=\"container\">\n\t\t\t\t\t<div class=\"e-con-inner\">\n\t\t\t\t<div class=\"elementor-element elementor-element-6cdf284 elementor-widget elementor-widget-text-editor\" data-id=\"6cdf284\" data-element_type=\"widget\" data-widget_type=\"text-editor.default\">\n\t\t\t\t<div class=\"elementor-widget-container\">\n\t\t\t\t\t\t\t\t\t<p><span style=\"text-decoration: underline;\">\u00c9diteur<\/span><\/p><p>Le site internet \u00ab<a href=\"https:\/\/www.julia-k-boutique.fr\/\">https:\/\/<\/a><u>g-nettoyage-proprete.com<\/u>\u00bb est \u00e9dit\u00e9 par Madame Barbine NZANZALA KANGU, micro-entrepreneure immatricul\u00e9e au Registre national des entreprises sous le num\u00e9ro 851\u00a0623 421. Son si\u00e8ge social est situ\u00e9 231 rue Saint-Honor\u00e9 75001 Paris.<\/p><p>Le Directeur de la Publication est Madame Barbine NZANZALA KANGU.<\/p><p>E-mail :\u00a0 <a href=\"mailto:g.nettoyage.contact@gmail.com\">g.nettoyage.contact@gmail.com<\/a><\/p><p>T\u00e9l\u00e9phone\u00a0: 07.84.62.35.41<\/p><p><strong>Directeur de la publication\u00a0:<\/strong><\/p><p>Barbine NZANZALA KANGU, micro-entrepreneure immatricul\u00e9e au Registre national des entreprises sous le num\u00e9ro 851\u00a0623\u00a0421. Son si\u00e8ge social est situ\u00e9 231 rue Saint-Honor\u00e9 75001 Paris.<\/p><p><strong>Cr\u00e9dit photos :<\/strong><\/p><p>Madame Barbine NZANZALA KANGU, micro-entrepreneure immatricul\u00e9e au Registre national des entreprises sous le num\u00e9ro\u00a0851\u00a0623 421. Son si\u00e8ge social est situ\u00e9 231 rue Saint-Honor\u00e9 75001 Paris.<\/p><p><span style=\"text-decoration: underline;\">h\u00e9bergement<\/span><\/p><p>Le pr\u00e9sent site internet est h\u00e9berg\u00e9\u00a0par la soci\u00e9t\u00e9 :<\/p><p>OVH<\/p><p>SAS au capital de 50 000 000 \u20ac<\/p><p>RCS Lille M\u00e9tropole 424 761 419 00045<br \/>Si\u00e8ge social : 2 rue Kellermann &#8211; 59100 Roubaix &#8211; France<\/p>\t\t\t\t\t\t\t\t<\/div>\n\t\t\t\t<\/div>\n\t\t\t\t\t<\/div>\n\t\t\t\t<\/div>\n\t\t\t\t<\/div>\n\t\t","protected":false},"excerpt":{"rendered":"<p>Mentions l\u00e9gales \u00c9diteur Le site internet \u00abhttps:\/\/g-nettoyage-proprete.com\u00bb est \u00e9dit\u00e9 par Madame Barbine NZANZALA KANGU, micro-entrepreneure immatricul\u00e9e au Registre national des entreprises sous le num\u00e9ro 851\u00a0623 421. Son si\u00e8ge social est situ\u00e9 231 rue Saint-Honor\u00e9 75001 Paris. Le Directeur de la Publication est Madame Barbine NZANZALA KANGU. E-mail :\u00a0 g.nettoyage.contact@gmail.com T\u00e9l\u00e9phone\u00a0: 07.84.62.35.41 Directeur de la publication\u00a0: Barbine NZANZALA KANGU, micro-entrepreneure immatricul\u00e9e au Registre national des entreprises sous le num\u00e9ro 851\u00a0623\u00a0421. Son si\u00e8ge social est situ\u00e9 231 rue Saint-Honor\u00e9 75001 Paris. Cr\u00e9dit photos : Madame Barbine NZANZALA KANGU, micro-entrepreneure immatricul\u00e9e au Registre national des entreprises sous le num\u00e9ro\u00a0851\u00a0623 421. Son si\u00e8ge social est situ\u00e9 231 rue Saint-Honor\u00e9 75001 Paris. h\u00e9bergement Le pr\u00e9sent site internet est h\u00e9berg\u00e9\u00a0par la soci\u00e9t\u00e9 : OVH SAS au capital de 50 000 000 \u20ac RCS Lille M\u00e9tropole 424 761 419 00045Si\u00e8ge social : 2 rue Kellermann &#8211; 59100 Roubaix &#8211; France<\/p>\n","protected":false},"author":1,"featured_media":0,"parent":0,"menu_order":0,"comment_status":"closed","ping_status":"closed","template":"","meta":{"site-sidebar-layout":"no-sidebar","site-content-layout":"","ast-site-content-layout":"full-width-container","site-content-style":"default","site-sidebar-style":"default","ast-global-header-display":"","ast-banner-title-visibility":"","ast-main-header-display":"","ast-hfb-above-header-display":"","ast-hfb-below-header-display":"","ast-hfb-mobile-header-display":"","site-post-title":"disabled","ast-breadcrumbs-content":"","ast-featured-img":"disabled","footer-sml-layout":"","theme-transparent-header-meta":"","adv-header-id-meta":"","stick-header-meta":"","header-above-stick-meta":"","header-main-stick-meta":"","header-below-stick-meta":"","astra-migrate-meta-layouts":"default","ast-page-background-enabled":"default","ast-page-background-meta":{"desktop":{"background-color":"var(--ast-global-color-5)","background-image":"","background-repeat":"repeat","background-position":"center center","background-size":"auto","background-attachment":"scroll","background-type":"","background-media":"","overlay-type":"","overlay-color":"","overlay-opacity":"","overlay-gradient":""},"tablet":{"background-color":"","background-image":"","background-repeat":"repeat","background-position":"center center","background-size":"auto","background-attachment":"scroll","background-type":"","background-media":"","overlay-type":"","overlay-color":"","overlay-opacity":"","overlay-gradient":""},"mobile":{"background-color":"","background-image":"","background-repeat":"repeat","background-position":"center center","background-size":"auto","background-attachment":"scroll","background-type":"","background-media":"","overlay-type":"","overlay-color":"","overlay-opacity":"","overlay-gradient":""}},"ast-content-background-meta":{"desktop":{"background-color":"var(--ast-global-color-4)","background-image":"","background-repeat":"repeat","background-position":"center center","background-size":"auto","background-attachment":"scroll","background-type":"","background-media":"","overlay-type":"","overlay-color":"","overlay-opacity":"","overlay-gradient":""},"tablet":{"background-color":"var(--ast-global-color-4)","background-image":"","background-repeat":"repeat","background-position":"center center","background-size":"auto","background-attachment":"scroll","background-type":"","background-media":"","overlay-type":"","overlay-color":"","overlay-opacity":"","overlay-gradient":""},"mobile":{"background-color":"var(--ast-global-color-4)","background-image":"","background-repeat":"repeat","background-position":"center center","background-size":"auto","background-attachment":"scroll","background-type":"","background-media":"","overlay-type":"","overlay-color":"","overlay-opacity":"","overlay-gradient":""}},"footnotes":""},"class_list":["post-580","page","type-page","status-publish","hentry"],"yoast_head":"<!-- This site is optimized with the Yoast SEO plugin v26.3 - https:\/\/yoast.com\/wordpress\/plugins\/seo\/ -->\n<title>Mentions l\u00e9gales -<\/title>\n<meta name=\"description\" content=\"D\u00e9couvrez nos mentions l\u00e9gales : informations sur l&#039;\u00e9diteur, les conditions d&#039;utilisation et la protection des donn\u00e9es.\" \/>\n<meta name=\"robots\" content=\"index, follow, max-snippet:-1, max-image-preview:large, max-video-preview:-1\" \/>\n<link rel=\"canonical\" href=\"https:\/\/g-nettoyage-proprete.com\/index.php\/mentions-legales\/\" \/>\n<meta property=\"og:locale\" content=\"en_US\" \/>\n<meta property=\"og:type\" content=\"article\" \/>\n<meta property=\"og:title\" content=\"Mentions l\u00e9gales -\" \/>\n<meta property=\"og:description\" content=\"D\u00e9couvrez nos mentions l\u00e9gales : informations sur l&#039;\u00e9diteur, les conditions d&#039;utilisation et la protection des donn\u00e9es.\" \/>\n<meta property=\"og:url\" content=\"https:\/\/g-nettoyage-proprete.com\/index.php\/mentions-legales\/\" \/>\n<meta property=\"article:modified_time\" content=\"2025-03-17T13:43:55+00:00\" \/>\n<meta name=\"twitter:card\" content=\"summary_large_image\" \/>\n<meta name=\"twitter:label1\" content=\"Est. reading time\" \/>\n\t<meta name=\"twitter:data1\" content=\"1 minute\" \/>\n<script type=\"application\/ld+json\" class=\"yoast-schema-graph\">{\"@context\":\"https:\/\/schema.org\",\"@graph\":[{\"@type\":\"WebPage\",\"@id\":\"https:\/\/g-nettoyage-proprete.com\/index.php\/mentions-legales\/\",\"url\":\"https:\/\/g-nettoyage-proprete.com\/index.php\/mentions-legales\/\",\"name\":\"Mentions l\u00e9gales -\",\"isPartOf\":{\"@id\":\"https:\/\/g-nettoyage-proprete.com\/#website\"},\"datePublished\":\"2025-03-17T13:40:07+00:00\",\"dateModified\":\"2025-03-17T13:43:55+00:00\",\"description\":\"D\u00e9couvrez nos mentions l\u00e9gales : informations sur l'\u00e9diteur, les conditions d'utilisation et la protection des donn\u00e9es.\",\"breadcrumb\":{\"@id\":\"https:\/\/g-nettoyage-proprete.com\/index.php\/mentions-legales\/#breadcrumb\"},\"inLanguage\":\"en-US\",\"potentialAction\":[{\"@type\":\"ReadAction\",\"target\":[\"https:\/\/g-nettoyage-proprete.com\/index.php\/mentions-legales\/\"]}]},{\"@type\":\"BreadcrumbList\",\"@id\":\"https:\/\/g-nettoyage-proprete.com\/index.php\/mentions-legales\/#breadcrumb\",\"itemListElement\":[{\"@type\":\"ListItem\",\"position\":1,\"name\":\"Accueil\",\"item\":\"https:\/\/g-nettoyage-proprete.com\/\"},{\"@type\":\"ListItem\",\"position\":2,\"name\":\"Mentions l\u00e9gales\"}]},{\"@type\":\"WebSite\",\"@id\":\"https:\/\/g-nettoyage-proprete.com\/#website\",\"url\":\"https:\/\/g-nettoyage-proprete.com\/\",\"name\":\"\",\"description\":\"Un site utilisant WordPress\",\"potentialAction\":[{\"@type\":\"SearchAction\",\"target\":{\"@type\":\"EntryPoint\",\"urlTemplate\":\"https:\/\/g-nettoyage-proprete.com\/?s={search_term_string}\"},\"query-input\":{\"@type\":\"PropertyValueSpecification\",\"valueRequired\":true,\"valueName\":\"search_term_string\"}}],\"inLanguage\":\"en-US\"}]}<\/script>\n<!-- \/ Yoast SEO plugin. -->","yoast_head_json":{"title":"Mentions l\u00e9gales -","description":"D\u00e9couvrez nos mentions l\u00e9gales : informations sur l'\u00e9diteur, les conditions d'utilisation et la protection des donn\u00e9es.","robots":{"index":"index","follow":"follow","max-snippet":"max-snippet:-1","max-image-preview":"max-image-preview:large","max-video-preview":"max-video-preview:-1"},"canonical":"https:\/\/g-nettoyage-proprete.com\/index.php\/mentions-legales\/","og_locale":"en_US","og_type":"article","og_title":"Mentions l\u00e9gales -","og_description":"D\u00e9couvrez nos mentions l\u00e9gales : informations sur l'\u00e9diteur, les conditions d'utilisation et la protection des donn\u00e9es.","og_url":"https:\/\/g-nettoyage-proprete.com\/index.php\/mentions-legales\/","article_modified_time":"2025-03-17T13:43:55+00:00","twitter_card":"summary_large_image","twitter_misc":{"Est. reading time":"1 minute"},"schema":{"@context":"https:\/\/schema.org","@graph":[{"@type":"WebPage","@id":"https:\/\/g-nettoyage-proprete.com\/index.php\/mentions-legales\/","url":"https:\/\/g-nettoyage-proprete.com\/index.php\/mentions-legales\/","name":"Mentions l\u00e9gales -","isPartOf":{"@id":"https:\/\/g-nettoyage-proprete.com\/#website"},"datePublished":"2025-03-17T13:40:07+00:00","dateModified":"2025-03-17T13:43:55+00:00","description":"D\u00e9couvrez nos mentions l\u00e9gales : informations sur l'\u00e9diteur, les conditions d'utilisation et la protection des donn\u00e9es.","breadcrumb":{"@id":"https:\/\/g-nettoyage-proprete.com\/index.php\/mentions-legales\/#breadcrumb"},"inLanguage":"en-US","potentialAction":[{"@type":"ReadAction","target":["https:\/\/g-nettoyage-proprete.com\/index.php\/mentions-legales\/"]}]},{"@type":"BreadcrumbList","@id":"https:\/\/g-nettoyage-proprete.com\/index.php\/mentions-legales\/#breadcrumb","itemListElement":[{"@type":"ListItem","position":1,"name":"Accueil","item":"https:\/\/g-nettoyage-proprete.com\/"},{"@type":"ListItem","position":2,"name":"Mentions l\u00e9gales"}]},{"@type":"WebSite","@id":"https:\/\/g-nettoyage-proprete.com\/#website","url":"https:\/\/g-nettoyage-proprete.com\/","name":"","description":"Un site utilisant WordPress","potentialAction":[{"@type":"SearchAction","target":{"@type":"EntryPoint","urlTemplate":"https:\/\/g-nettoyage-proprete.com\/?s={search_term_string}"},"query-input":{"@type":"PropertyValueSpecification","valueRequired":true,"valueName":"search_term_string"}}],"inLanguage":"en-US"}]}},"_links":{"self":[{"href":"https:\/\/g-nettoyage-proprete.com\/index.php\/wp-json\/wp\/v2\/pages\/580","targetHints":{"allow":["GET"]}}],"collection":[{"href":"https:\/\/g-nettoyage-proprete.com\/index.php\/wp-json\/wp\/v2\/pages"}],"about":[{"href":"https:\/\/g-nettoyage-proprete.com\/index.php\/wp-json\/wp\/v2\/types\/page"}],"author":[{"embeddable":true,"href":"https:\/\/g-nettoyage-proprete.com\/index.php\/wp-json\/wp\/v2\/users\/1"}],"replies":[{"embeddable":true,"href":"https:\/\/g-nettoyage-proprete.com\/index.php\/wp-json\/wp\/v2\/comments?post=580"}],"version-history":[{"count":10,"href":"https:\/\/g-nettoyage-proprete.com\/index.php\/wp-json\/wp\/v2\/pages\/580\/revisions"}],"predecessor-version":[{"id":590,"href":"https:\/\/g-nettoyage-proprete.com\/index.php\/wp-json\/wp\/v2\/pages\/580\/revisions\/590"}],"wp:attachment":[{"href":"https:\/\/g-nettoyage-proprete.com\/index.php\/wp-json\/wp\/v2\/media?parent=580"}],"curies":[{"name":"wp","href":"https:\/\/api.w.org\/{rel}","templated":true}]}}